{"id":26,"date":"2024-01-09T17:12:15","date_gmt":"2024-01-09T16:12:15","guid":{"rendered":"https:\/\/josiane-benzi.com\/?page_id=26"},"modified":"2024-02-19T16:02:24","modified_gmt":"2024-02-19T15:02:24","slug":"presse","status":"publish","type":"page","link":"https:\/\/josiane-benzi.com\/index.php\/presse\/","title":{"rendered":"Presse"},"content":{"rendered":"\n<figure class=\"wp-block-image size-large is-style-rounded\"><img loading=\"lazy\" decoding=\"async\" width=\"1024\" height=\"681\" src=\"https:\/\/josiane-benzi.com\/wp-content\/uploads\/2024\/01\/les-chapelains-2009--1024x681.jpg\" alt=\"\" class=\"wp-image-192\" srcset=\"https:\/\/josiane-benzi.com\/wp-content\/uploads\/2024\/01\/les-chapelains-2009--1024x681.jpg 1024w, https:\/\/josiane-benzi.com\/wp-content\/uploads\/2024\/01\/les-chapelains-2009--300x199.jpg 300w, https:\/\/josiane-benzi.com\/wp-content\/uploads\/2024\/01\/les-chapelains-2009--768x511.jpg 768w, https:\/\/josiane-benzi.com\/wp-content\/uploads\/2024\/01\/les-chapelains-2009--1536x1021.jpg 1536w, https:\/\/josiane-benzi.com\/wp-content\/uploads\/2024\/01\/les-chapelains-2009--2048x1362.jpg 2048w, https:\/\/josiane-benzi.com\/wp-content\/uploads\/2024\/01\/les-chapelains-2009--1240x824.jpg 1240w, https:\/\/josiane-benzi.com\/wp-content\/uploads\/2024\/01\/les-chapelains-2009--508x338.jpg 508w\" sizes=\"auto, (max-width: 1024px) 100vw, 1024px\" \/><\/figure>\n\n\n\n<blockquote class=\"wp-block-quote is-layout-flow wp-block-quote-is-layout-flow\">\n<hr class=\"wp-block-separator has-alpha-channel-opacity\"\/>\n\n\n\n<figure class=\"wp-block-image size-large\"><img loading=\"lazy\" decoding=\"async\" width=\"1024\" height=\"682\" src=\"https:\/\/josiane-benzi.com\/wp-content\/uploads\/2024\/02\/20OO-Laques-JO-salle-Olga-Olby-Decize-1-1024x682.jpg\" alt=\"\" class=\"wp-image-205\" srcset=\"https:\/\/josiane-benzi.com\/wp-content\/uploads\/2024\/02\/20OO-Laques-JO-salle-Olga-Olby-Decize-1-1024x682.jpg 1024w, https:\/\/josiane-benzi.com\/wp-content\/uploads\/2024\/02\/20OO-Laques-JO-salle-Olga-Olby-Decize-1-300x200.jpg 300w, https:\/\/josiane-benzi.com\/wp-content\/uploads\/2024\/02\/20OO-Laques-JO-salle-Olga-Olby-Decize-1-768x511.jpg 768w, https:\/\/josiane-benzi.com\/wp-content\/uploads\/2024\/02\/20OO-Laques-JO-salle-Olga-Olby-Decize-1-1536x1022.jpg 1536w, https:\/\/josiane-benzi.com\/wp-content\/uploads\/2024\/02\/20OO-Laques-JO-salle-Olga-Olby-Decize-1-2048x1363.jpg 2048w, https:\/\/josiane-benzi.com\/wp-content\/uploads\/2024\/02\/20OO-Laques-JO-salle-Olga-Olby-Decize-1-1240x825.jpg 1240w, https:\/\/josiane-benzi.com\/wp-content\/uploads\/2024\/02\/20OO-Laques-JO-salle-Olga-Olby-Decize-1-508x338.jpg 508w\" sizes=\"auto, (max-width: 1024px) 100vw, 1024px\" \/><\/figure>\n<cite>2000 Salle Olga Olby \u00e0 Decize (Laques)<\/cite><\/blockquote>\n\n\n<div class=\"wp-block-image\">\n<figure class=\"aligncenter size-full\"><img loading=\"lazy\" decoding=\"async\" width=\"409\" height=\"594\" src=\"https:\/\/josiane-benzi.com\/wp-content\/uploads\/2024\/02\/Jung-1.png\" alt=\"\" class=\"wp-image-207\" srcset=\"https:\/\/josiane-benzi.com\/wp-content\/uploads\/2024\/02\/Jung-1.png 409w, https:\/\/josiane-benzi.com\/wp-content\/uploads\/2024\/02\/Jung-1-207x300.png 207w\" sizes=\"auto, (max-width: 409px) 100vw, 409px\" \/><\/figure>\n<\/div>\n\n\n<figure class=\"wp-block-image size-large\"><img loading=\"lazy\" decoding=\"async\" width=\"1024\" height=\"727\" src=\"https:\/\/josiane-benzi.com\/wp-content\/uploads\/2024\/02\/2008-jdc-Echanson-10--1024x727.jpg\" alt=\"\" class=\"wp-image-209\" srcset=\"https:\/\/josiane-benzi.com\/wp-content\/uploads\/2024\/02\/2008-jdc-Echanson-10--1024x727.jpg 1024w, https:\/\/josiane-benzi.com\/wp-content\/uploads\/2024\/02\/2008-jdc-Echanson-10--300x213.jpg 300w, https:\/\/josiane-benzi.com\/wp-content\/uploads\/2024\/02\/2008-jdc-Echanson-10--768x546.jpg 768w, https:\/\/josiane-benzi.com\/wp-content\/uploads\/2024\/02\/2008-jdc-Echanson-10--1536x1091.jpg 1536w, https:\/\/josiane-benzi.com\/wp-content\/uploads\/2024\/02\/2008-jdc-Echanson-10--1240x881.jpg 1240w, https:\/\/josiane-benzi.com\/wp-content\/uploads\/2024\/02\/2008-jdc-Echanson-10--508x361.jpg 508w, https:\/\/josiane-benzi.com\/wp-content\/uploads\/2024\/02\/2008-jdc-Echanson-10-.jpg 1754w\" sizes=\"auto, (max-width: 1024px) 100vw, 1024px\" \/><\/figure>\n\n\n\n<figure class=\"wp-block-image size-large\"><img loading=\"lazy\" decoding=\"async\" width=\"1024\" height=\"721\" src=\"https:\/\/josiane-benzi.com\/wp-content\/uploads\/2024\/02\/2011--1024x721.jpg\" alt=\"\" class=\"wp-image-212\" srcset=\"https:\/\/josiane-benzi.com\/wp-content\/uploads\/2024\/02\/2011--1024x721.jpg 1024w, https:\/\/josiane-benzi.com\/wp-content\/uploads\/2024\/02\/2011--300x211.jpg 300w, https:\/\/josiane-benzi.com\/wp-content\/uploads\/2024\/02\/2011--768x541.jpg 768w, https:\/\/josiane-benzi.com\/wp-content\/uploads\/2024\/02\/2011--508x358.jpg 508w, https:\/\/josiane-benzi.com\/wp-content\/uploads\/2024\/02\/2011-.jpg 1210w\" sizes=\"auto, (max-width: 1024px) 100vw, 1024px\" \/><\/figure>\n\n\n\n<figure class=\"wp-block-image size-large\"><img loading=\"lazy\" decoding=\"async\" width=\"712\" height=\"1024\" src=\"https:\/\/josiane-benzi.com\/wp-content\/uploads\/2024\/02\/2013-collectif-Orangerie-du-Senat-712x1024.jpg\" alt=\"\" class=\"wp-image-213\" srcset=\"https:\/\/josiane-benzi.com\/wp-content\/uploads\/2024\/02\/2013-collectif-Orangerie-du-Senat-712x1024.jpg 712w, https:\/\/josiane-benzi.com\/wp-content\/uploads\/2024\/02\/2013-collectif-Orangerie-du-Senat-209x300.jpg 209w, https:\/\/josiane-benzi.com\/wp-content\/uploads\/2024\/02\/2013-collectif-Orangerie-du-Senat-768x1104.jpg 768w, https:\/\/josiane-benzi.com\/wp-content\/uploads\/2024\/02\/2013-collectif-Orangerie-du-Senat-1068x1536.jpg 1068w, https:\/\/josiane-benzi.com\/wp-content\/uploads\/2024\/02\/2013-collectif-Orangerie-du-Senat-1424x2048.jpg 1424w, https:\/\/josiane-benzi.com\/wp-content\/uploads\/2024\/02\/2013-collectif-Orangerie-du-Senat-1240x1783.jpg 1240w, https:\/\/josiane-benzi.com\/wp-content\/uploads\/2024\/02\/2013-collectif-Orangerie-du-Senat-508x731.jpg 508w, https:\/\/josiane-benzi.com\/wp-content\/uploads\/2024\/02\/2013-collectif-Orangerie-du-Senat-scaled.jpg 1780w\" sizes=\"auto, (max-width: 712px) 100vw, 712px\" \/><\/figure>\n\n\n\n<blockquote class=\"wp-block-quote is-layout-flow wp-block-quote-is-layout-flow\">\n<p>Retour d&rsquo;exposition collective \u00e0 l&rsquo;orangerie du S\u00e9nat \u00e0 Paris suite \u00e0 l&rsquo;expo de Pretoria en 2012.<\/p>\n<\/blockquote>\n\n\n\n<figure class=\"wp-block-image size-large\"><img loading=\"lazy\" decoding=\"async\" width=\"1024\" height=\"700\" src=\"https:\/\/josiane-benzi.com\/wp-content\/uploads\/2024\/02\/2016-Geneve-0NU-expo-AIAP-1024x700.jpg\" alt=\"\" class=\"wp-image-215\" srcset=\"https:\/\/josiane-benzi.com\/wp-content\/uploads\/2024\/02\/2016-Geneve-0NU-expo-AIAP-1024x700.jpg 1024w, https:\/\/josiane-benzi.com\/wp-content\/uploads\/2024\/02\/2016-Geneve-0NU-expo-AIAP-300x205.jpg 300w, https:\/\/josiane-benzi.com\/wp-content\/uploads\/2024\/02\/2016-Geneve-0NU-expo-AIAP-768x525.jpg 768w, https:\/\/josiane-benzi.com\/wp-content\/uploads\/2024\/02\/2016-Geneve-0NU-expo-AIAP-1536x1050.jpg 1536w, https:\/\/josiane-benzi.com\/wp-content\/uploads\/2024\/02\/2016-Geneve-0NU-expo-AIAP-2048x1400.jpg 2048w, https:\/\/josiane-benzi.com\/wp-content\/uploads\/2024\/02\/2016-Geneve-0NU-expo-AIAP-1240x847.jpg 1240w, https:\/\/josiane-benzi.com\/wp-content\/uploads\/2024\/02\/2016-Geneve-0NU-expo-AIAP-508x347.jpg 508w\" sizes=\"auto, (max-width: 1024px) 100vw, 1024px\" \/><\/figure>\n\n\n\n<blockquote class=\"wp-block-quote is-layout-flow wp-block-quote-is-layout-flow\">\n<p>AIAP : Journ\u00e9e nationale de l&rsquo;art \u00e0 Gen\u00e8ve (Expo ONU) <\/p>\n<\/blockquote>\n\n\n\n<figure class=\"wp-block-image size-large\"><img loading=\"lazy\" decoding=\"async\" width=\"724\" height=\"1024\" src=\"https:\/\/josiane-benzi.com\/wp-content\/uploads\/2024\/02\/2017-2019-Affiche-Abbaye-de-Corbigny--724x1024.jpg\" alt=\"\" class=\"wp-image-217\" srcset=\"https:\/\/josiane-benzi.com\/wp-content\/uploads\/2024\/02\/2017-2019-Affiche-Abbaye-de-Corbigny--724x1024.jpg 724w, https:\/\/josiane-benzi.com\/wp-content\/uploads\/2024\/02\/2017-2019-Affiche-Abbaye-de-Corbigny--212x300.jpg 212w, https:\/\/josiane-benzi.com\/wp-content\/uploads\/2024\/02\/2017-2019-Affiche-Abbaye-de-Corbigny--768x1087.jpg 768w, https:\/\/josiane-benzi.com\/wp-content\/uploads\/2024\/02\/2017-2019-Affiche-Abbaye-de-Corbigny--508x719.jpg 508w, https:\/\/josiane-benzi.com\/wp-content\/uploads\/2024\/02\/2017-2019-Affiche-Abbaye-de-Corbigny-.jpg 826w\" sizes=\"auto, (max-width: 724px) 100vw, 724px\" \/><\/figure>\n\n\n\n<figure class=\"wp-block-image size-large\"><img loading=\"lazy\" decoding=\"async\" width=\"1024\" height=\"747\" src=\"https:\/\/josiane-benzi.com\/wp-content\/uploads\/2024\/02\/2020-jo-exp-la-Vernee1MO19--1024x747.jpg\" alt=\"\" class=\"wp-image-222\" srcset=\"https:\/\/josiane-benzi.com\/wp-content\/uploads\/2024\/02\/2020-jo-exp-la-Vernee1MO19--1024x747.jpg 1024w, https:\/\/josiane-benzi.com\/wp-content\/uploads\/2024\/02\/2020-jo-exp-la-Vernee1MO19--300x219.jpg 300w, https:\/\/josiane-benzi.com\/wp-content\/uploads\/2024\/02\/2020-jo-exp-la-Vernee1MO19--768x560.jpg 768w, https:\/\/josiane-benzi.com\/wp-content\/uploads\/2024\/02\/2020-jo-exp-la-Vernee1MO19--1536x1120.jpg 1536w, https:\/\/josiane-benzi.com\/wp-content\/uploads\/2024\/02\/2020-jo-exp-la-Vernee1MO19--2048x1493.jpg 2048w, https:\/\/josiane-benzi.com\/wp-content\/uploads\/2024\/02\/2020-jo-exp-la-Vernee1MO19--1240x904.jpg 1240w, https:\/\/josiane-benzi.com\/wp-content\/uploads\/2024\/02\/2020-jo-exp-la-Vernee1MO19--508x370.jpg 508w\" sizes=\"auto, (max-width: 1024px) 100vw, 1024px\" \/><\/figure>\n\n\n\n<blockquote class=\"wp-block-quote is-layout-flow wp-block-quote-is-layout-flow\">\n<p>2020 Salon au domaine de la Vern\u00e9e : ART NO LIMIT <\/p>\n<\/blockquote>\n\n\n\n<figure class=\"wp-block-image size-large\"><img loading=\"lazy\" decoding=\"async\" width=\"724\" height=\"1024\" src=\"https:\/\/josiane-benzi.com\/wp-content\/uploads\/2024\/02\/2022-Performance-dessin-Danse--724x1024.jpg\" alt=\"\" class=\"wp-image-224\" srcset=\"https:\/\/josiane-benzi.com\/wp-content\/uploads\/2024\/02\/2022-Performance-dessin-Danse--724x1024.jpg 724w, https:\/\/josiane-benzi.com\/wp-content\/uploads\/2024\/02\/2022-Performance-dessin-Danse--212x300.jpg 212w, https:\/\/josiane-benzi.com\/wp-content\/uploads\/2024\/02\/2022-Performance-dessin-Danse--768x1087.jpg 768w, https:\/\/josiane-benzi.com\/wp-content\/uploads\/2024\/02\/2022-Performance-dessin-Danse--508x719.jpg 508w, https:\/\/josiane-benzi.com\/wp-content\/uploads\/2024\/02\/2022-Performance-dessin-Danse-.jpg 826w\" sizes=\"auto, (max-width: 724px) 100vw, 724px\" \/><\/figure>\n","protected":false},"excerpt":{"rendered":"<p>Retour d&rsquo;exposition collective \u00e0 l&rsquo;orangerie du S\u00e9nat \u00e0 Paris suite \u00e0 l&rsquo;expo de Pretoria en 2012. AIAP : Journ\u00e9e nationale de l&rsquo;art \u00e0 Gen\u00e8ve (Expo ONU) 2020 Salon au domaine de la Vern\u00e9e : ART NO LIMIT<\/p>\n","protected":false},"author":1,"featured_media":0,"parent":0,"menu_order":0,"comment_status":"closed","ping_status":"closed","template":"","meta":{"footnotes":""},"class_list":["post-26","page","type-page","status-publish","hentry"],"_links":{"self":[{"href":"https:\/\/josiane-benzi.com\/index.php\/wp-json\/wp\/v2\/pages\/26","targetHints":{"allow":["GET"]}}],"collection":[{"href":"https:\/\/josiane-benzi.com\/index.php\/wp-json\/wp\/v2\/pages"}],"about":[{"href":"https:\/\/josiane-benzi.com\/index.php\/wp-json\/wp\/v2\/types\/page"}],"author":[{"embeddable":true,"href":"https:\/\/josiane-benzi.com\/index.php\/wp-json\/wp\/v2\/users\/1"}],"replies":[{"embeddable":true,"href":"https:\/\/josiane-benzi.com\/index.php\/wp-json\/wp\/v2\/comments?post=26"}],"version-history":[{"count":13,"href":"https:\/\/josiane-benzi.com\/index.php\/wp-json\/wp\/v2\/pages\/26\/revisions"}],"predecessor-version":[{"id":225,"href":"https:\/\/josiane-benzi.com\/index.php\/wp-json\/wp\/v2\/pages\/26\/revisions\/225"}],"wp:attachment":[{"href":"https:\/\/josiane-benzi.com\/index.php\/wp-json\/wp\/v2\/media?parent=26"}],"curies":[{"name":"wp","href":"https:\/\/api.w.org\/{rel}","templated":true}]}}